{"id":357,"date":"2024-04-11T11:19:41","date_gmt":"2024-04-11T16:19:41","guid":{"rendered":"https:\/\/o4iles.com\/?page_id=357"},"modified":"2024-06-03T08:27:56","modified_gmt":"2024-06-03T13:27:56","slug":"notre-histoire","status":"publish","type":"page","link":"https:\/\/o4iles.com\/index.php\/notre-histoire\/","title":{"rendered":"Notre histoire"},"content":{"rendered":"\t\t<div data-elementor-type=\"wp-page\" data-elementor-id=\"357\" class=\"elementor elementor-357\" data-elementor-post-type=\"page\">\n\t\t\t\t<div class=\"elementor-element elementor-element-f4109a1 e-con-full e-flex e-con e-parent\" data-id=\"f4109a1\" data-element_type=\"container\" data-settings=\"{&quot;background_background&quot;:&quot;classic&quot;}\">\n\t\t\t\t<div class=\"elementor-element elementor-element-2c9c656 elementor-widget elementor-widget-heading\" data-id=\"2c9c656\" data-element_type=\"widget\" data-widget_type=\"heading.default\">\n\t\t\t\t<div class=\"elementor-widget-container\">\n\t\t\t\t\t<h1 class=\"elementor-heading-title elementor-size-default\">NOTRE HISTOIRE<\/h1>\t\t\t\t<\/div>\n\t\t\t\t<\/div>\n\t\t\t\t<\/div>\n\t\t<div class=\"elementor-element elementor-element-80c0c76 e-flex e-con-boxed e-con e-parent\" data-id=\"80c0c76\" data-element_type=\"container\">\n\t\t\t\t\t<div class=\"e-con-inner\">\n\t\t<div class=\"elementor-element elementor-element-d72a926 e-con-full e-flex e-con e-child\" data-id=\"d72a926\" data-element_type=\"container\">\n\t\t\t\t<div class=\"elementor-element elementor-element-c776f87 elementor-widget elementor-widget-heading\" data-id=\"c776f87\" data-element_type=\"widget\" data-widget_type=\"heading.default\">\n\t\t\t\t<div class=\"elementor-widget-container\">\n\t\t\t\t\t<h5 class=\"elementor-heading-title elementor-size-default\">Entraide, famille, amis, respect<\/h5>\t\t\t\t<\/div>\n\t\t\t\t<\/div>\n\t\t\t\t<div class=\"elementor-element elementor-element-6a2f735 elementor-widget elementor-widget-text-editor\" data-id=\"6a2f735\" data-element_type=\"widget\" data-widget_type=\"text-editor.default\">\n\t\t\t\t<div class=\"elementor-widget-container\">\n\t\t\t\t\t\t\t\t\t<p>Ce projet n\u2019a pas \u00e9t\u00e9 de tout repos et n\u2019a pas eu lieu sans anicroche. <br \/>Le projet Camping plage \u00d4 4 \u00eeles fut parti d\u2019une simple id\u00e9e de r\u00e9duire notre stress environnant et qui nous a apport\u00e9 sa panoplie d\u2019aventures d\u00e8s la premi\u00e8re discussion jusqu&rsquo;\u00e0 la r\u00e9alisation de cette acquisition.<\/p><p>Ce site enchanteur nous a s\u00e9duit par ses grands espaces bois\u00e9s et magnifiques, ainsi que par son lac splendide. <br \/>C\u2019est avec beaucoup d\u2019espoir et d\u2019actions que nous avons pers\u00e9v\u00e9r\u00e9 pour vivre ce r\u00eave tant souhait\u00e9. <br \/>Cet enthousiasme se manifeste dans nos incessants travaux pour am\u00e9liorer votre exp\u00e9rience de camping en nature.<br \/>Nous investissons continuellement pour nous surpasser. \u00a0<\/p><p>Venez essayer notre camping sauvage et rustique, nos sentiers p\u00e9destres faits pour les amateurs de camping et vous comprendrez le magnifique coup de foudre qui nous habite depuis des ann\u00e9es d\u00e9j\u00e0.\u00a0<\/p><p>Ce qui se passe au camping reste au camping!<\/p>\t\t\t\t\t\t\t\t<\/div>\n\t\t\t\t<\/div>\n\t\t\t\t<\/div>\n\t\t\t\t\t<\/div>\n\t\t\t\t<\/div>\n\t\t\t\t<\/div>\n\t\t","protected":false},"excerpt":{"rendered":"<p>NOTRE HISTOIRE Entraide, famille, amis, respect Ce projet n\u2019a pas \u00e9t\u00e9 de tout repos et n\u2019a pas eu lieu sans anicroche. Le projet Camping plage \u00d4 4 \u00eeles fut parti d\u2019une simple id\u00e9e de r\u00e9duire notre stress environnant et qui nous a apport\u00e9 sa panoplie d\u2019aventures d\u00e8s la premi\u00e8re discussion jusqu&rsquo;\u00e0 la r\u00e9alisation de cette [&hellip;]<\/p>\n","protected":false},"author":1,"featured_media":0,"parent":0,"menu_order":0,"comment_status":"closed","ping_status":"closed","template":"","meta":{"footnotes":""},"class_list":["post-357","page","type-page","status-publish","hentry"],"aioseo_notices":[],"_links":{"self":[{"href":"https:\/\/o4iles.com\/index.php\/wp-json\/wp\/v2\/pages\/357","targetHints":{"allow":["GET"]}}],"collection":[{"href":"https:\/\/o4iles.com\/index.php\/wp-json\/wp\/v2\/pages"}],"about":[{"href":"https:\/\/o4iles.com\/index.php\/wp-json\/wp\/v2\/types\/page"}],"author":[{"embeddable":true,"href":"https:\/\/o4iles.com\/index.php\/wp-json\/wp\/v2\/users\/1"}],"replies":[{"embeddable":true,"href":"https:\/\/o4iles.com\/index.php\/wp-json\/wp\/v2\/comments?post=357"}],"version-history":[{"count":29,"href":"https:\/\/o4iles.com\/index.php\/wp-json\/wp\/v2\/pages\/357\/revisions"}],"predecessor-version":[{"id":1429,"href":"https:\/\/o4iles.com\/index.php\/wp-json\/wp\/v2\/pages\/357\/revisions\/1429"}],"wp:attachment":[{"href":"https:\/\/o4iles.com\/index.php\/wp-json\/wp\/v2\/media?parent=357"}],"curies":[{"name":"wp","href":"https:\/\/api.w.org\/{rel}","templated":true}]}}